{"id":52202,"date":"2025-10-07T12:12:16","date_gmt":"2025-10-07T10:12:16","guid":{"rendered":"https:\/\/www.transitic.com\/avisos-legales\/"},"modified":"2025-10-07T12:12:20","modified_gmt":"2025-10-07T10:12:20","slug":"avisos-legales","status":"publish","type":"page","link":"https:\/\/www.transitic.com\/ES\/avisos-legales\/","title":{"rendered":"Avisos Legales"},"content":{"rendered":"[vc_row type=&#8221;in_container&#8221; full_screen_row_position=&#8221;middle&#8221; column_margin=&#8221;30px&#8221; column_direction=&#8221;default&#8221; column_direction_tablet=&#8221;default&#8221; column_direction_phone=&#8221;default&#8221; scene_position=&#8221;center&#8221; top_padding=&#8221;3%&#8221; text_color=&#8221;light&#8221; text_align=&#8221;left&#8221; row_border_radius=&#8221;none&#8221; row_border_radius_applies=&#8221;bg&#8221; overflow=&#8221;visible&#8221; advanced_gradient_angle=&#8221;0&#8243; overlay_strength=&#8221;0.3&#8243; gradient_direction=&#8221;left_to_right&#8221; shape_divider_position=&#8221;bottom&#8221; bg_image_animation=&#8221;none&#8221; gradient_type=&#8221;default&#8221; shape_type=&#8221;&#8221;][vc_column column_padding=&#8221;no-extra-padding&#8221; column_padding_tablet=&#8221;inherit&#8221; column_padding_phone=&#8221;inherit&#8221; column_padding_position=&#8221;all&#8221; column_element_direction_desktop=&#8221;default&#8221; column_element_spacing=&#8221;default&#8221; desktop_text_alignment=&#8221;default&#8221; tablet_text_alignment=&#8221;default&#8221; phone_text_alignment=&#8221;default&#8221; background_color_opacity=&#8221;1&#8243; background_hover_color_opacity=&#8221;1&#8243; column_backdrop_filter=&#8221;none&#8221; column_shadow=&#8221;none&#8221; column_border_radius=&#8221;none&#8221; column_link_target=&#8221;_self&#8221; column_position=&#8221;default&#8221; gradient_direction=&#8221;left_to_right&#8221; overlay_strength=&#8221;0.3&#8243; width=&#8221;1\/1&#8243; tablet_width_inherit=&#8221;default&#8221; animation_type=&#8221;default&#8221; bg_image_animation=&#8221;none&#8221; border_type=&#8221;simple&#8221; column_border_width=&#8221;none&#8221; column_border_style=&#8221;solid&#8221;][split_line_heading animation_type=&#8221;line-reveal-by-space&#8221; font_style=&#8221;h1&#8243; text_color=&#8221;#0a4182&#8243; line_reveal_by_space_text_effect=&#8221;default&#8221; content_alignment=&#8221;left&#8221; mobile_content_alignment=&#8221;inherit&#8221; link_target=&#8221;_self&#8221; text_content=&#8221;Avisos Legales&#8221; font_size=&#8221;55&#8243; font_line_height=&#8221;1.8&#8243; animation_delay=&#8221;500&#8243; animation_offset=&#8221;100%&#8221; max_width=&#8221;750&#8243;][\/split_line_heading][vc_column_text]El sitio www.transitic.com, as\u00ed como todos los datos, informaciones y dem\u00e1s elementos que en \u00e9l figuran, son propiedad exclusiva de TRANSITIC SYSTEMS SAS, Boulevard du Petit Quinquin \u2013 CRT 1 BP 222 \u2013 59812 Lesquin CEDEX &#8211; Francia.<\/p>\n<p>Registro: 494 755 309 R.C.S. Lille M\u00e9tropole<\/p>\n<p>Cualquier uso de este sitio implica la aceptaci\u00f3n total por parte del usuario, sin excepci\u00f3n ni reserva, de todas las condiciones de uso definidas a continuaci\u00f3n:[\/vc_column_text][split_line_heading animation_type=&#8221;line-reveal-by-space&#8221; font_style=&#8221;h3&#8243; text_color=&#8221;#0a4182&#8243; line_reveal_by_space_text_effect=&#8221;default&#8221; content_alignment=&#8221;left&#8221; mobile_content_alignment=&#8221;inherit&#8221; link_target=&#8221;_self&#8221; text_content=&#8221;1. Propiedad Intelectual&#8221; font_size=&#8221;25&#8243; font_line_height=&#8221;1.8&#8243; animation_delay=&#8221;500&#8243; animation_offset=&#8221;100%&#8221; max_width=&#8221;750&#8243;][\/split_line_heading][vc_column_text]Las informaciones proporcionadas en www.transitic.com solo pueden ser utilizadas con fines estrictamente personales.<\/p>\n<p>Cualquier uso realizado con fines comerciales o con cualquier otro prop\u00f3sito est\u00e1 estrictamente prohibido.<\/p>\n<p>Adem\u00e1s, los elementos presentes en nuestro sitio web est\u00e1n protegidos por el C\u00f3digo de Propiedad Intelectual, as\u00ed como por tratados y acuerdos internacionales que regulan la protecci\u00f3n de los derechos de autor. Por lo tanto, cualquier modificaci\u00f3n, representaci\u00f3n o reproducci\u00f3n, total o parcial, est\u00e1 formalmente prohibida. Esta prohibici\u00f3n se aplica sin importar el m\u00e9todo de reproducci\u00f3n, representaci\u00f3n y\/o modificaci\u00f3n, as\u00ed como la duraci\u00f3n de la misma.  <\/p>\n<p>TRANSITIC no podr\u00e1 ser considerado responsable de ning\u00fan da\u00f1o, directo o indirecto, que resulte del uso no autorizado de las informaciones o del contenido proporcionado en el sitio web www.transitic.com.[\/vc_column_text][split_line_heading animation_type=&#8221;line-reveal-by-space&#8221; font_style=&#8221;h3&#8243; text_color=&#8221;#0a4182&#8243; line_reveal_by_space_text_effect=&#8221;default&#8221; content_alignment=&#8221;left&#8221; mobile_content_alignment=&#8221;inherit&#8221; link_target=&#8221;_self&#8221; text_content=&#8221;2. Respeto de su vida privada&#8221; font_size=&#8221;25&#8243; font_line_height=&#8221;1.8&#8243; animation_delay=&#8221;500&#8243; animation_offset=&#8221;100%&#8221; max_width=&#8221;750&#8243;][\/split_line_heading][vc_column_text]Durante sus visitas al sitio web www.transitic.com, TRANSITIC puede solicitarle cierta informaci\u00f3n personal con el fin de poder responder a sus consultas (contacto, asistencia t\u00e9cnica).<\/p>\n<p>Nos comprometemos a respetar la confidencialidad de los datos personales que recopilamos de acuerdo con las disposiciones de la ley europea RGPD (Reglamento UE 2016\/679 del 27 de abril de 2016).<\/p>\n<p>Recopilamos la siguiente informaci\u00f3n en el formulario de contacto:<\/p>\n<p>-Nombre<\/p>\n<p>-E-mail<\/p>\n<p>-Asunto y su mensaje<\/p>\n<p><strong>Uso de sus datos personales:<\/strong><\/p>\n<p>Salvo los datos personales recogidos en el marco del espacio &#8220;Asistencia T\u00e9cnica&#8221; y &#8220;Contacto&#8221;, la informaci\u00f3n nominativa e indirectamente nominativa recopilada solo se utilizar\u00e1 con fines de gesti\u00f3n de asistencia t\u00e9cnica y para operaciones de marketing directo iniciadas por TRANSITIC.<\/p>\n<p><strong>Transmisi\u00f3n de sus datos personales:<\/strong><\/p>\n<p>Los datos nominativos que le conciernen y que se recopilen podr\u00e1n ser comunicados a todas las entidades de TRANSITIC exclusivamente en el marco de la gesti\u00f3n del sitio web www.transitic.com.<\/p>\n<p><strong>Seguridad de sus datos personales:<\/strong><\/p>\n<p>TRANSITIC se compromete a cumplir con las disposiciones previstas por la ley europea RGPD (Reglamento UE 2016\/679 del 27 de abril de 2016). TRANSITIC garantiza medidas de seguridad \u00f3ptimas contra la p\u00e9rdida, el uso indebido y la alteraci\u00f3n de la informaci\u00f3n que los usuarios le conf\u00edan. Todos los datos recibidos en nuestro sitio web se respaldan diariamente y se conservan en un soporte de almacenamiento seguro.[\/vc_column_text][split_line_heading animation_type=&#8221;line-reveal-by-space&#8221; font_style=&#8221;h3&#8243; text_color=&#8221;#0a4182&#8243; line_reveal_by_space_text_effect=&#8221;default&#8221; content_alignment=&#8221;left&#8221; mobile_content_alignment=&#8221;inherit&#8221; link_target=&#8221;_self&#8221; text_content=&#8221;3. Cookies&#8221; font_size=&#8221;25&#8243; font_line_height=&#8221;1.8&#8243; animation_delay=&#8221;500&#8243; animation_offset=&#8221;100%&#8221; max_width=&#8221;750&#8243;][\/split_line_heading][vc_column_text]TRANSITIC le informa que puede utilizar cookies temporales v\u00e1lidas durante el tiempo de una sesi\u00f3n de navegaci\u00f3n en el sitio web www.transitic.com.[\/vc_column_text][split_line_heading animation_type=&#8221;line-reveal-by-space&#8221; font_style=&#8221;h3&#8243; text_color=&#8221;#0a4182&#8243; line_reveal_by_space_text_effect=&#8221;default&#8221; content_alignment=&#8221;left&#8221; mobile_content_alignment=&#8221;inherit&#8221; link_target=&#8221;_self&#8221; text_content=&#8221;4. Contactarnos&#8221; font_size=&#8221;25&#8243; font_line_height=&#8221;1.8&#8243; animation_delay=&#8221;500&#8243; animation_offset=&#8221;100%&#8221; max_width=&#8221;750&#8243;][\/split_line_heading][vc_column_text css=&#8221;&#8221; text_direction=&#8221;default&#8221;]\u00bfDesea obtener informaci\u00f3n adicional, enviarnos una pregunta o hacernos un comentario sobre el sitio web www.transitic.com?<\/p>\n<p>Cont\u00e1ctenos:<br \/>\nconnect(at)transitic.com<\/p>\n<p>+33 (0) 3 20 87 66 96<br \/>\n<note from=\"otgs-segmenter\"><\/note>[\/vc_column_text][\/vc_column][\/vc_row][vc_row type=&#8221;in_container&#8221; full_screen_row_position=&#8221;middle&#8221; column_margin=&#8221;default&#8221; column_direction=&#8221;default&#8221; column_direction_tablet=&#8221;default&#8221; column_direction_phone=&#8221;default&#8221; scene_position=&#8221;center&#8221; text_color=&#8221;dark&#8221; text_align=&#8221;left&#8221; row_border_radius=&#8221;none&#8221; row_border_radius_applies=&#8221;bg&#8221; overflow=&#8221;visible&#8221; overlay_strength=&#8221;0.3&#8243; gradient_direction=&#8221;left_to_right&#8221; shape_divider_position=&#8221;bottom&#8221; bg_image_animation=&#8221;none&#8221;][vc_column column_padding=&#8221;no-extra-padding&#8221; column_padding_tablet=&#8221;inherit&#8221; column_padding_phone=&#8221;inherit&#8221; column_padding_position=&#8221;all&#8221; column_element_direction_desktop=&#8221;default&#8221; column_element_spacing=&#8221;default&#8221; desktop_text_alignment=&#8221;default&#8221; tablet_text_alignment=&#8221;default&#8221; phone_text_alignment=&#8221;default&#8221; background_color_opacity=&#8221;1&#8243; background_hover_color_opacity=&#8221;1&#8243; column_backdrop_filter=&#8221;none&#8221; column_shadow=&#8221;none&#8221; column_border_radius=&#8221;none&#8221; column_link_target=&#8221;_self&#8221; column_position=&#8221;default&#8221; gradient_direction=&#8221;left_to_right&#8221; overlay_strength=&#8221;0.3&#8243; width=&#8221;1\/1&#8243; tablet_width_inherit=&#8221;default&#8221; animation_type=&#8221;default&#8221; bg_image_animation=&#8221;none&#8221; border_type=&#8221;simple&#8221; column_border_width=&#8221;none&#8221; column_border_style=&#8221;solid&#8221;][nectar_global_section id=&#8221;281&#8243;][\/vc_column][\/vc_row]\n","protected":false},"excerpt":{"rendered":"<p>[vc_row type=&#8221;in_container&#8221; full_screen_row_position=&#8221;middle&#8221; column_margin=&#8221;30px&#8221; column_direction=&#8221;default&#8221; column_direction_tablet=&#8221;default&#8221; column_direction_phone=&#8221;default&#8221; scene_position=&#8221;center&#8221; top_padding=&#8221;3%&#8221; text_color=&#8221;light&#8221; text_align=&#8221;left&#8221; row_border_radius=&#8221;none&#8221; row_border_radius_applies=&#8221;bg&#8221; overflow=&#8221;visible&#8221; advanced_gradient_angle=&#8221;0&#8243; overlay_strength=&#8221;0.3&#8243; gradient_direction=&#8221;left_to_right&#8221; shape_divider_position=&#8221;bottom&#8221; bg_image_animation=&#8221;none&#8221; gradient_type=&#8221;default&#8221; shape_type=&#8221;&#8221;][vc_column column_padding=&#8221;no-extra-padding&#8221; column_padding_tablet=&#8221;inherit&#8221; column_padding_phone=&#8221;inherit&#8221; column_padding_position=&#8221;all&#8221; column_element_direction_desktop=&#8221;default&#8221; column_element_spacing=&#8221;default&#8221; desktop_text_alignment=&#8221;default&#8221; tablet_text_alignment=&#8221;default&#8221; phone_text_alignment=&#8221;default&#8221;&#8230;<\/p>\n","protected":false},"author":2,"featured_media":0,"parent":0,"menu_order":0,"comment_status":"closed","ping_status":"closed","template":"","meta":{"footnotes":""},"class_list":["post-52202","page","type-page","status-publish"],"_links":{"self":[{"href":"https:\/\/www.transitic.com\/ES\/wp-json\/wp\/v2\/pages\/52202","targetHints":{"allow":["GET"]}}],"collection":[{"href":"https:\/\/www.transitic.com\/ES\/wp-json\/wp\/v2\/pages"}],"about":[{"href":"https:\/\/www.transitic.com\/ES\/wp-json\/wp\/v2\/types\/page"}],"author":[{"embeddable":true,"href":"https:\/\/www.transitic.com\/ES\/wp-json\/wp\/v2\/users\/2"}],"replies":[{"embeddable":true,"href":"https:\/\/www.transitic.com\/ES\/wp-json\/wp\/v2\/comments?post=52202"}],"version-history":[{"count":2,"href":"https:\/\/www.transitic.com\/ES\/wp-json\/wp\/v2\/pages\/52202\/revisions"}],"predecessor-version":[{"id":52204,"href":"https:\/\/www.transitic.com\/ES\/wp-json\/wp\/v2\/pages\/52202\/revisions\/52204"}],"wp:attachment":[{"href":"https:\/\/www.transitic.com\/ES\/wp-json\/wp\/v2\/media?parent=52202"}],"curies":[{"name":"wp","href":"https:\/\/api.w.org\/{rel}","templated":true}]}}