{"id":27149,"date":"2024-11-28T16:05:00","date_gmt":"2024-11-28T15:05:00","guid":{"rendered":"https:\/\/www.transitic.com\/rechtliche-hinweise\/"},"modified":"2024-12-06T11:21:09","modified_gmt":"2024-12-06T10:21:09","slug":"rechtliche-hinweise","status":"publish","type":"page","link":"https:\/\/www.transitic.com\/DE\/rechtliche-hinweise\/","title":{"rendered":"Rechtliche Hinweise"},"content":{"rendered":"[vc_row type=&#8221;in_container&#8221; full_screen_row_position=&#8221;middle&#8221; column_margin=&#8221;30px&#8221; column_direction=&#8221;default&#8221; column_direction_tablet=&#8221;default&#8221; column_direction_phone=&#8221;default&#8221; scene_position=&#8221;center&#8221; top_padding=&#8221;3%&#8221; text_color=&#8221;light&#8221; text_align=&#8221;left&#8221; row_border_radius=&#8221;none&#8221; row_border_radius_applies=&#8221;bg&#8221; overflow=&#8221;visible&#8221; advanced_gradient_angle=&#8221;0&#8243; overlay_strength=&#8221;0.3&#8243; gradient_direction=&#8221;left_to_right&#8221; shape_divider_position=&#8221;bottom&#8221; bg_image_animation=&#8221;none&#8221; gradient_type=&#8221;default&#8221; shape_type=&#8221;&#8221;][vc_column column_padding=&#8221;no-extra-padding&#8221; column_padding_tablet=&#8221;inherit&#8221; column_padding_phone=&#8221;inherit&#8221; column_padding_position=&#8221;all&#8221; column_element_direction_desktop=&#8221;default&#8221; column_element_spacing=&#8221;default&#8221; desktop_text_alignment=&#8221;default&#8221; tablet_text_alignment=&#8221;default&#8221; phone_text_alignment=&#8221;default&#8221; background_color_opacity=&#8221;1&#8243; background_hover_color_opacity=&#8221;1&#8243; column_backdrop_filter=&#8221;none&#8221; column_shadow=&#8221;none&#8221; column_border_radius=&#8221;none&#8221; column_link_target=&#8221;_self&#8221; column_position=&#8221;default&#8221; gradient_direction=&#8221;left_to_right&#8221; overlay_strength=&#8221;0.3&#8243; width=&#8221;1\/1&#8243; tablet_width_inherit=&#8221;default&#8221; animation_type=&#8221;default&#8221; bg_image_animation=&#8221;none&#8221; border_type=&#8221;simple&#8221; column_border_width=&#8221;none&#8221; column_border_style=&#8221;solid&#8221;][split_line_heading animation_type=&#8221;line-reveal-by-space&#8221; font_style=&#8221;h1&#8243; text_color=&#8221;#0a4182&#8243; line_reveal_by_space_text_effect=&#8221;default&#8221; content_alignment=&#8221;left&#8221; mobile_content_alignment=&#8221;inherit&#8221; link_target=&#8221;_self&#8221; text_content=&#8221;Rechtliche Hinweise&#8221; font_size=&#8221;55&#8243; font_line_height=&#8221;1.8&#8243; animation_delay=&#8221;500&#8243; animation_offset=&#8221;100%&#8221; max_width=&#8221;750&#8243;][\/split_line_heading][vc_column_text]Die Website www.transitic.com und alle darin enthaltenen Daten, Informationen und sonstigen Elemente sind ausschlie\u00dfliches Eigentum von TRANSITIC SYSTEMS SAS, Boulevard du Petit Quinquin &#8211; CRT 1 BP 222 &#8211; 59812 Lesquin CEDEX &#8211; Frankreich<\/p>\n<p>Registrierung: 494 755 309 R.C.S. Lille M\u00e9tropole<\/p>\n<p>Mit der Nutzung dieser Website akzeptiert der Nutzer ausnahmslos und vorbehaltlos alle nachstehend definierten Nutzungsbedingungen:[\/vc_column_text][split_line_heading animation_type=&#8221;line-reveal-by-space&#8221; font_style=&#8221;h3&#8243; text_color=&#8221;#0a4182&#8243; line_reveal_by_space_text_effect=&#8221;default&#8221; content_alignment=&#8221;left&#8221; mobile_content_alignment=&#8221;inherit&#8221; link_target=&#8221;_self&#8221; text_content=&#8221;1. Geistiges Eigentum&#8221; font_size=&#8221;25&#8243; font_line_height=&#8221;1.8&#8243; animation_delay=&#8221;500&#8243; animation_offset=&#8221;100%&#8221; max_width=&#8221;750&#8243;][\/split_line_heading][vc_column_text]Die auf www.transitic.com bereitgestellten Informationen d\u00fcrfen nur f\u00fcr pers\u00f6nliche Zwecke verwendet werden. Jegliche Nutzung f\u00fcr kommerzielle oder andere Zwecke ist strengstens untersagt. Dar\u00fcber hinaus sind die Elemente auf unserer Website durch das Gesetz zum Schutz des geistigen Eigentums, internationale Vertr\u00e4ge und Abkommen, die Bestimmungen zum Schutz von Urheberrechten enthalten, gesch\u00fctzt. Daher sind alle \u00c4nderungen, Darstellungen und Reproduktionen, ganz oder teilweise, ausdr\u00fccklich untersagt. Dieses Verbot gilt unabh\u00e4ngig vom Verfahren der Vervielf\u00e4ltigung, Darstellung und\/oder \u00c4nderung und unabh\u00e4ngig von der Dauer. TRANSITIC kann nicht f\u00fcr direkte oder indirekte Sch\u00e4den haftbar gemacht werden, die sich aus der verbotenen Nutzung von Informationen oder Inhalten ergeben, die auf der Website www.transitic.com bereitgestellt werden.[\/vc_column_text][split_line_heading animation_type=&#8221;line-reveal-by-space&#8221; font_style=&#8221;h3&#8243; text_color=&#8221;#0a4182&#8243; line_reveal_by_space_text_effect=&#8221;default&#8221; content_alignment=&#8221;left&#8221; mobile_content_alignment=&#8221;inherit&#8221; link_target=&#8221;_self&#8221; text_content=&#8221;2. Respekt f\u00fcr Ihr Privatleben&#8221; font_size=&#8221;25&#8243; font_line_height=&#8221;1.8&#8243; animation_delay=&#8221;500&#8243; animation_offset=&#8221;100%&#8221; max_width=&#8221;750&#8243;][\/split_line_heading][vc_column_text]W\u00e4hrend Ihres Besuchs auf der Website www.transitic.com kann TRANSITIC Sie um bestimmte Informationen \u00fcber Sie bitten, um Ihre Fragen beantworten zu k\u00f6nnen (Kontakt, technische Unterst\u00fctzung). Wir verpflichten uns, die Vertraulichkeit der von uns gesammelten pers\u00f6nlichen Informationen gem\u00e4\u00df den Bestimmungen des europ\u00e4ischen Gesetzes RGPD (Verordnung EU 2016\/679 vom 27. April 2016) zu wahren. Wir sammeln die folgenden Informationen im Kontaktformular: -Name -E-mail -Betreff und Ihre Nachricht<\/p>\n<p><strong>Verwendung Ihrer pers\u00f6nlichen Daten :<\/strong><\/p>\n<p>Vorbehaltlich der pers\u00f6nlichen Daten, die im Rahmen der Bereiche &#8220;Technischer Support&#8221; und &#8220;Kontakt&#8221; gesammelt werden, werden die gesammelten namentlichen und indirekt namentlichen Informationen ausschlie\u00dflich f\u00fcr die Verwaltung des technischen Supports und f\u00fcr von TRANSITIC initiierte Direktmarketingaktionen verwendet.<\/p>\n<p><strong>\u00dcbermittlung Ihrer pers\u00f6nlichen Daten :<\/strong><\/p>\n<p>Ihre gesammelten pers\u00f6nlichen Daten k\u00f6nnen an alle Einheiten von TRANSITIC weitergegeben werden, ausschlie\u00dflich im Rahmen des Betriebs der Website www.transitic.com.<\/p>\n<p><strong>Sicherheit Ihrer pers\u00f6nlichen Daten :<\/strong><\/p>\n<p>TRANSITIC verpflichtet sich, die Bestimmungen des europ\u00e4ischen Gesetzes RGPD (Verordnung EU 2016\/679 vom 27. April 2016) einzuhalten. TRANSITIC gew\u00e4hrleistet optimale Sicherheitsma\u00dfnahmen gegen Verlust, Missbrauch und Ver\u00e4nderung der Informationen, die ihr von den Internetnutzern anvertraut werden. Alle \u00fcber unsere Website empfangenen Daten werden t\u00e4glich gesichert und auf einem Backup-Medium aufbewahrt.[\/vc_column_text][split_line_heading animation_type=&#8221;line-reveal-by-space&#8221; font_style=&#8221;h3&#8243; text_color=&#8221;#0a4182&#8243; line_reveal_by_space_text_effect=&#8221;default&#8221; content_alignment=&#8221;left&#8221; mobile_content_alignment=&#8221;inherit&#8221; link_target=&#8221;_self&#8221; text_content=&#8221;3. Cookies&#8221; font_size=&#8221;25&#8243; font_line_height=&#8221;1.8&#8243; animation_delay=&#8221;500&#8243; animation_offset=&#8221;100%&#8221; max_width=&#8221;750&#8243;][\/split_line_heading][vc_column_text]TRANSITIC informiert Sie, dass wir m\u00f6glicherweise tempor\u00e4re Cookies verwenden, die f\u00fcr die Dauer einer Sitzung auf der Website www.transitic.com g\u00fcltig sind.[\/vc_column_text][split_line_heading animation_type=&#8221;line-reveal-by-space&#8221; font_style=&#8221;h3&#8243; text_color=&#8221;#0a4182&#8243; line_reveal_by_space_text_effect=&#8221;default&#8221; content_alignment=&#8221;left&#8221; mobile_content_alignment=&#8221;inherit&#8221; link_target=&#8221;_self&#8221; text_content=&#8221;4. Kontaktieren Sie uns&#8221; font_size=&#8221;25&#8243; font_line_height=&#8221;1.8&#8243; animation_delay=&#8221;500&#8243; animation_offset=&#8221;100%&#8221; max_width=&#8221;750&#8243;][\/split_line_heading][vc_column_text css=&#8221;&#8221; text_direction=&#8221;default&#8221;]W\u00fcnschen Sie weitere Informationen, haben Sie eine Frage oder m\u00f6chten Sie einen Kommentar zur Website www.transitic.com abgeben?<\/p>\n<p><strong>Kontaktieren Sie uns:<\/strong><\/p>\n<p>connect(at)transitic.com<\/p>\n<p>+33 (0) 3 20 87 66 96[\/vc_column_text][\/vc_column][\/vc_row][vc_row type=&#8221;in_container&#8221; full_screen_row_position=&#8221;middle&#8221; column_margin=&#8221;default&#8221; column_direction=&#8221;default&#8221; column_direction_tablet=&#8221;default&#8221; column_direction_phone=&#8221;default&#8221; scene_position=&#8221;center&#8221; text_color=&#8221;dark&#8221; text_align=&#8221;left&#8221; row_border_radius=&#8221;none&#8221; row_border_radius_applies=&#8221;bg&#8221; overflow=&#8221;visible&#8221; overlay_strength=&#8221;0.3&#8243; gradient_direction=&#8221;left_to_right&#8221; shape_divider_position=&#8221;bottom&#8221; bg_image_animation=&#8221;none&#8221;][vc_column column_padding=&#8221;no-extra-padding&#8221; column_padding_tablet=&#8221;inherit&#8221; column_padding_phone=&#8221;inherit&#8221; column_padding_position=&#8221;all&#8221; column_element_direction_desktop=&#8221;default&#8221; column_element_spacing=&#8221;default&#8221; desktop_text_alignment=&#8221;default&#8221; tablet_text_alignment=&#8221;default&#8221; phone_text_alignment=&#8221;default&#8221; background_color_opacity=&#8221;1&#8243; background_hover_color_opacity=&#8221;1&#8243; column_backdrop_filter=&#8221;none&#8221; column_shadow=&#8221;none&#8221; column_border_radius=&#8221;none&#8221; column_link_target=&#8221;_self&#8221; column_position=&#8221;default&#8221; gradient_direction=&#8221;left_to_right&#8221; overlay_strength=&#8221;0.3&#8243; width=&#8221;1\/1&#8243; tablet_width_inherit=&#8221;default&#8221; animation_type=&#8221;default&#8221; bg_image_animation=&#8221;none&#8221; border_type=&#8221;simple&#8221; column_border_width=&#8221;none&#8221; column_border_style=&#8221;solid&#8221;][nectar_global_section id=&#8221;27761&#8243;][\/vc_column][\/vc_row]\n","protected":false},"excerpt":{"rendered":"<p>[vc_row type=&#8221;in_container&#8221; full_screen_row_position=&#8221;middle&#8221; column_margin=&#8221;30px&#8221; column_direction=&#8221;default&#8221; column_direction_tablet=&#8221;default&#8221; column_direction_phone=&#8221;default&#8221; scene_position=&#8221;center&#8221; top_padding=&#8221;3%&#8221; text_color=&#8221;light&#8221; text_align=&#8221;left&#8221; row_border_radius=&#8221;none&#8221; row_border_radius_applies=&#8221;bg&#8221; overflow=&#8221;visible&#8221; advanced_gradient_angle=&#8221;0&#8243; overlay_strength=&#8221;0.3&#8243; gradient_direction=&#8221;left_to_right&#8221; shape_divider_position=&#8221;bottom&#8221; bg_image_animation=&#8221;none&#8221; gradient_type=&#8221;default&#8221; shape_type=&#8221;&#8221;][vc_column column_padding=&#8221;no-extra-padding&#8221; column_padding_tablet=&#8221;inherit&#8221; column_padding_phone=&#8221;inherit&#8221; column_padding_position=&#8221;all&#8221; column_element_direction_desktop=&#8221;default&#8221; column_element_spacing=&#8221;default&#8221; desktop_text_alignment=&#8221;default&#8221; tablet_text_alignment=&#8221;default&#8221; phone_text_alignment=&#8221;default&#8221;&#8230;<\/p>\n","protected":false},"author":2,"featured_media":0,"parent":0,"menu_order":0,"comment_status":"closed","ping_status":"closed","template":"","meta":{"footnotes":""},"class_list":["post-27149","page","type-page","status-publish"],"_links":{"self":[{"href":"https:\/\/www.transitic.com\/DE\/wp-json\/wp\/v2\/pages\/27149","targetHints":{"allow":["GET"]}}],"collection":[{"href":"https:\/\/www.transitic.com\/DE\/wp-json\/wp\/v2\/pages"}],"about":[{"href":"https:\/\/www.transitic.com\/DE\/wp-json\/wp\/v2\/types\/page"}],"author":[{"embeddable":true,"href":"https:\/\/www.transitic.com\/DE\/wp-json\/wp\/v2\/users\/2"}],"replies":[{"embeddable":true,"href":"https:\/\/www.transitic.com\/DE\/wp-json\/wp\/v2\/comments?post=27149"}],"version-history":[{"count":9,"href":"https:\/\/www.transitic.com\/DE\/wp-json\/wp\/v2\/pages\/27149\/revisions"}],"predecessor-version":[{"id":27870,"href":"https:\/\/www.transitic.com\/DE\/wp-json\/wp\/v2\/pages\/27149\/revisions\/27870"}],"wp:attachment":[{"href":"https:\/\/www.transitic.com\/DE\/wp-json\/wp\/v2\/media?parent=27149"}],"curies":[{"name":"wp","href":"https:\/\/api.w.org\/{rel}","templated":true}]}}